{"id":33,"date":"2014-01-07T13:52:12","date_gmt":"2014-01-07T11:52:12","guid":{"rendered":"http:\/\/www.globalcenter.info\/wc-psy\/?page_id=33"},"modified":"2025-10-29T12:39:14","modified_gmt":"2025-10-29T09:39:14","slug":"accomodation","status":"publish","type":"page","link":"https:\/\/www.globalcenter.info\/wc-psy\/?page_id=33","title":{"rendered":"Accomodation"},"content":{"rendered":"\n<figure class=\"wp-block-image size-large is-resized\"><img decoding=\"async\" src=\"https:\/\/globalcenter.info\/adpol\/wp-content\/uploads\/2023\/03\/larapark.jpg\" alt=\"\" class=\"wp-image-1310\"\/><\/figure>\n\n\n\n<p><a href=\"https:\/\/www.corendonhotels.com.tr\/grand-park-lara\"><strong>Grand Park Lara Hotel<\/strong><\/a><strong> *****<br><\/strong>Kemera\u011fz\u0131 Mahallesi, Ya\u015far Sobutay Blv<br>No: 37, 07112<br>Aksu\/Antalya, Turkey<br><em>(20 Minutes far from Antalya Airport)<\/em><\/p>\n\n\n\n<figure class=\"wp-block-table\"><table class=\"has-fixed-layout\"><tbody><tr><td><br><br><br><\/td><td><strong>Early Registration<br>Until September 15, 2025<\/strong><\/td><td><strong>After September 15, 2025<\/strong><\/td><td><strong>Registration Desk<\/strong><\/td><\/tr><tr><td><strong>STANDART ROOM<\/strong><\/td><td><\/td><td><\/td><td><\/td><\/tr><tr><td><strong>Single Room<\/strong><\/td><td>&nbsp;90\u20ac<\/td><td>100 \u20ac<\/td><td>105 \u20ac<\/td><\/tr><tr><td><strong>Double*<\/strong><\/td><td>120 \u20ac&nbsp;<strong>*<\/strong><\/td><td>130 \u20ac&nbsp;<strong>*<\/strong><\/td><td>140\u20ac<\/td><\/tr><tr><td><strong>Triple<\/strong> *<\/td><td>180 \u20ac&nbsp;<strong>*<\/strong><\/td><td>200 \u20ac&nbsp;<strong>*<\/strong><\/td><td>210 \u20ac&nbsp;<strong>*<\/strong><\/td><\/tr><\/tbody><\/table><\/figure>\n\n\n\n<ul class=\"wp-block-list\">\n<li>Note: External participants staying at hotels other than the conference hotel will pay an additional daily hotel entrance fee of \u20ac45 per person. External participants will also benefit from the hotel&#8217;s All Inclusive Concept.<\/li>\n\n\n\n<li>If you\u2019d like, we can help you stay with a same-sex roommate as a conference attendee. This way, you can pay lower room rates. You can contact us.<\/li>\n<\/ul>\n\n\n\n<p class=\"has-background has-white-background-color\"><p class=\"has-white-background-color has-background\" style=\"text-decoration:underline\"><strong>MAKE A ROOM RESERVATION<\/strong><\/p><\/p>\n\n\n\n<p>Please <a href=\"https:\/\/forms.gle\/Rs9FskfnNcDuFStv8\" data-type=\"link\" data-id=\"https:\/\/forms.gle\/Rs9FskfnNcDuFStv8\">click here<\/a> to make a hotel room reservation.<\/p>\n\n\n\n<p><\/p>\n\n\n\n<p><strong><u>BANK PAYMENT<\/u><\/strong><\/p>\n\n\n\n<p>\u2022If you prefer to make your registration payment via bank, <a href=\"https:\/\/globalcenter.info\/cyicer\/wp-content\/uploads\/2020\/12\/AKBANK-TRANSFER-2020-1.pdf\">Please click here for BANK TRANSFER PAYMENT information.<\/a><br>\u2022When you make your payment, please scan document or download from your bank and sent to congress email address,&nbsp;congress.infodesk@gmail.com, and also do not forget to write paper ID.<\/p>\n\n\n\n<p><\/p>\n\n\n\n<p><strong><u>CREDIT CARD PAYMENT<\/u><\/strong><\/p>\n\n\n\n<p>\u2022If you prefer to make your registration payment with Credit Card, <a href=\"https:\/\/www.globalcenter.info\/payment\/index.php?route=product\/category&amp;path=168\">Please click here for CREDIT CARD PAYMENT<\/a><\/p>\n\n\n\n<p><\/p>\n\n\n\n<p><strong><u>FACILITIES (All Inclusive)<\/u><\/strong><\/p>\n\n\n\n<p>\u2022 All-inclusive accommodation ((hotel room, open buffet breakfast, late open buffet breakfast, open buffet lunch, open buffet pool bar, open buffet dinner, late dinner and all alcoholic and soft beverages)<br>\u2022 Participants who do not stay at the Grand Park Lara Hotel must pay an extra 35\u20ac per day according to the hotel principle.<br>\u2022 First and second child: 0-13 years old free of charge<br>\u2022 Child discounts are valid if they are in the same room as their parents.<br>\u2022 The prices stated are our net prices including VAT.<br>\u2022 Internet service (wireless)<br>\u2022 Lobby Piano Bar, Pool Bar, Disco Bar<br>\u2022 Open buffet lunch, Late breakfast buffet, Chopin Cafe &amp; Patisserie, Pool Snack<br>\u2022 Evening buffet, Vegetarian Buffet, Coffee and Cake, Afternoon Snacks, Diet Buffet<br>\u2022 Midnight soup and snacks, Sandwich Service, All Alcoholic Beverages, Soft Drinks<br>\u2022 Hot Drinks, Tea \u2013 Coffee<\/p>\n\n\n\n<p><\/p>\n\n\n\n<p><strong><u>ADDITIONAL DETAILS:<\/u><\/strong><\/p>\n\n\n\n<p>\u2022 The entrance to the hotel is made as of 12:30. Rooms are given after 14:00.<br>\u2022 Open buffet lunch (12:30-14:00) on the check-in day and open buffet breakfast (07:00-10:00) on the check-out day are included in the price.<br>\u2022 All services received before 12:30 on the check-in day, lounge use, bar, restaurant and snack buffet etc. Use chargeable.<br>\u2022 In case of request for open buffet breakfast on the arrival day, 10 EURO per person is charged. Payment is made to the hotel in advance.<br>\u2022 On the day of departure, the rooms are delivered to the Hotel at 12: 00 at the latest.<br>\u2022 All services received after 12: 00 on the day of departure, lounge use, lunch, bar, restaurant, and snack buffet etc. use-chargeable.<br>\u2022 If there is an open buffet lunch request on the day of departure, 15 EURO per person is charged. Payment is made to the hotel in advance.<br>\u2022 If there is an open buffet dinner request on the day of departure, 20 EURO per person is charged. Payment is made to the hotel in advance.<br>\u2022 0.5 lt of water is provided free of charge, depending on the number of people, in the room\/minibar. Extra requests\/Room service will be charged extra.<\/p>\n\n\n\n<p><\/p>\n\n\n\n<p><strong><u>EXTERNAL PARTICIPANTS DETAILS:<\/u><\/strong><\/p>\n\n\n\n<p>\u2022 In the case of an external participant, there is an extra charge of 45 EURO per person.<br>\u2022 Price includes 1 open buffet lunch and coffee break with cookies twice a day in the meeting room. (Valid between 09:00-17:00)<br>\u2022 For external participants, open buffet breakfast and open buffet dinner are charged extra.<\/p>\n\n\n\n<p><\/p>\n","protected":false},"excerpt":{"rendered":"<p>Grand Park Lara Hotel *****Kemera\u011fz\u0131 Mahallesi, Ya\u015far Sobutay BlvNo: 37, 07112Aksu\/Antalya, Turkey(20 Minutes far from Antalya Airport) Early RegistrationUntil September&hellip;<\/p>\n","protected":false},"author":2,"featured_media":0,"parent":0,"menu_order":0,"comment_status":"closed","ping_status":"open","template":"","meta":{"footnotes":""},"class_list":["post-33","page","type-page","status-publish","hentry"],"_links":{"self":[{"href":"https:\/\/www.globalcenter.info\/wc-psy\/index.php?rest_route=\/wp\/v2\/pages\/33"}],"collection":[{"href":"https:\/\/www.globalcenter.info\/wc-psy\/index.php?rest_route=\/wp\/v2\/pages"}],"about":[{"href":"https:\/\/www.globalcenter.info\/wc-psy\/index.php?rest_route=\/wp\/v2\/types\/page"}],"author":[{"embeddable":true,"href":"https:\/\/www.globalcenter.info\/wc-psy\/index.php?rest_route=\/wp\/v2\/users\/2"}],"replies":[{"embeddable":true,"href":"https:\/\/www.globalcenter.info\/wc-psy\/index.php?rest_route=%2Fwp%2Fv2%2Fcomments&post=33"}],"version-history":[{"count":75,"href":"https:\/\/www.globalcenter.info\/wc-psy\/index.php?rest_route=\/wp\/v2\/pages\/33\/revisions"}],"predecessor-version":[{"id":1643,"href":"https:\/\/www.globalcenter.info\/wc-psy\/index.php?rest_route=\/wp\/v2\/pages\/33\/revisions\/1643"}],"wp:attachment":[{"href":"https:\/\/www.globalcenter.info\/wc-psy\/index.php?rest_route=%2Fwp%2Fv2%2Fmedia&parent=33"}],"curies":[{"name":"wp","href":"https:\/\/api.w.org\/{rel}","templated":true}]}}