{"id":5,"date":"2014-01-07T13:47:42","date_gmt":"2014-01-07T11:47:42","guid":{"rendered":"http:\/\/www.globalcenter.info\/wc-psy\/?page_id=5"},"modified":"2025-07-31T13:37:25","modified_gmt":"2025-07-31T10:37:25","slug":"organizing-committee","status":"publish","type":"page","link":"https:\/\/www.globalcenter.info\/wc-psy\/?page_id=5","title":{"rendered":"Organizing Committee"},"content":{"rendered":"<p><strong>Organized by<br \/>\n<\/strong><a href=\"https:\/\/abaiuniversity.edu.kz\/en\/\">Abai Kazakh National Pedagogical University<\/a>, Almaty, Kazakhstan<br \/>\n<a href=\"http:\/\/www.kyrenia.edu.tr\">University of Kyrenia<\/a>, Kyrenia, North Cyprus<\/p>\n<p><strong>Honorary President<br \/>\n<\/strong><a href=\"https:\/\/www.kobusmaree.org\/\">Kobus G. Maree<\/a>, <em>PhD<br \/>\n<\/em>Professor at University of Pretoria, South Africa<\/p>\n<p><strong>\u00a0<\/strong><strong>Program Chair<br \/>\n<\/strong><a href=\"https:\/\/unistaff.iku.edu.tr\/detail\/1000319\">Melis Seray Ozden Y\u0131ld\u0131r\u0131m<\/a>, <em>PhD<br \/>\n<\/em>Istanbul Kultur University, Turkey<\/p>\n<p><strong>\u00a0<\/strong><strong>International Program Committee<br \/>\n<\/strong>Atefeh Ferdosipour, Educational Psychologist, PHD|AI &amp; Education Researcher| Academic Consultant, USA<br \/>\nMarilyn Campbell,\u00a0<em>Queensland University of Technology<\/em>, Australia<br \/>\nDubravka Miljkovi\u0107,\u00a0<em>University of Zagreb<\/em>, Croatia<br \/>\nJongho Shin,\u00a0<em>Seoul National University,\u00a0<\/em>South Korea<br \/>\nLesley Fraser,\u00a0<em>Australian Guidance and Counselling Association<\/em>, Australia<\/p>\n<p><strong>Organizing Committee<br \/>\n<\/strong>Dr. Tahir Tavuk\u00e7u, Cyprus Social Sciences University<br \/>\nDr. Nihat Ekizo\u011flu, Ataturk Teacher Training Academy<br \/>\nDr. Blerta Prevalla Etemi<strong>,\u00a0<\/strong>AAB University<br \/>\nFlorijeta Hulaj,\u00a0<em>AAB College<\/em><br \/>\nLilia Trushko, Girne American University<br \/>\nNesli Bahar Yava\u015f, European University of Lefke<br \/>\nSemih \u00c7al\u0131\u015fkan, Izmir T\u0131naztepe University<br \/>\nZeynep Gen\u00e7, Istanbul Ayd\u0131n University<strong>\u00a0<\/strong><\/p>\n<p><strong>\u00a0<\/strong><strong>Secretariat<\/strong><br \/>\nNuran Cemal<br \/>\n<a href=\"mailto:wcpsy.infodesk@gmail.com\">wcpsy.infodesk@gmail.com<\/a><\/p>\n","protected":false},"excerpt":{"rendered":"<p>Organized by Abai Kazakh National Pedagogical University, Almaty, Kazakhstan University of Kyrenia, Kyrenia, North Cyprus Honorary President Kobus G. Maree,&hellip;<\/p>\n","protected":false},"author":2,"featured_media":0,"parent":0,"menu_order":0,"comment_status":"closed","ping_status":"open","template":"","meta":{"footnotes":""},"class_list":["post-5","page","type-page","status-publish","hentry"],"_links":{"self":[{"href":"https:\/\/www.globalcenter.info\/wc-psy\/index.php?rest_route=\/wp\/v2\/pages\/5"}],"collection":[{"href":"https:\/\/www.globalcenter.info\/wc-psy\/index.php?rest_route=\/wp\/v2\/pages"}],"about":[{"href":"https:\/\/www.globalcenter.info\/wc-psy\/index.php?rest_route=\/wp\/v2\/types\/page"}],"author":[{"embeddable":true,"href":"https:\/\/www.globalcenter.info\/wc-psy\/index.php?rest_route=\/wp\/v2\/users\/2"}],"replies":[{"embeddable":true,"href":"https:\/\/www.globalcenter.info\/wc-psy\/index.php?rest_route=%2Fwp%2Fv2%2Fcomments&post=5"}],"version-history":[{"count":21,"href":"https:\/\/www.globalcenter.info\/wc-psy\/index.php?rest_route=\/wp\/v2\/pages\/5\/revisions"}],"predecessor-version":[{"id":1571,"href":"https:\/\/www.globalcenter.info\/wc-psy\/index.php?rest_route=\/wp\/v2\/pages\/5\/revisions\/1571"}],"wp:attachment":[{"href":"https:\/\/www.globalcenter.info\/wc-psy\/index.php?rest_route=%2Fwp%2Fv2%2Fmedia&parent=5"}],"curies":[{"name":"wp","href":"https:\/\/api.w.org\/{rel}","templated":true}]}}