{"id":7,"date":"2014-01-07T13:47:54","date_gmt":"2014-01-07T11:47:54","guid":{"rendered":"http:\/\/www.globalcenter.info\/wc-psy\/?page_id=7"},"modified":"2019-08-01T13:44:14","modified_gmt":"2019-08-01T10:44:14","slug":"international-advisory-board","status":"publish","type":"page","link":"https:\/\/www.globalcenter.info\/wc-psy\/?page_id=7","title":{"rendered":"International advisory board"},"content":{"rendered":"\n<table class=\"wp-block-table\"><tbody><tr><td>A. Rui\n  &nbsp;Gomes<\/td><td>University of Minho<\/td><td>Portugal<\/td><\/tr><tr><td>Ahmad\n  Alipour<\/td><td>Payame Noor University<\/td><td>Iran<\/td><\/tr><tr><td>Aldert\n  Vrij<\/td><td>University of Portsmouth<\/td><td>UK<\/td><\/tr><tr><td>Andr\u00e9\n  Francisco Pilon<\/td><td>University of S\u00e3o Paulo<\/td><td>Brazil<\/td><\/tr><tr><td>Andrew\n  Day<\/td><td>Deakin University<\/td><td>Australia<\/td><\/tr><tr><td>Andy\n  McKinlay<\/td><td>The University of Edinburgh<\/td><td>UK<\/td><\/tr><tr><td>Anthony\n  L Pillay<\/td><td>University of KwaZulu-Natal<\/td><td>South Africa<\/td><\/tr><tr><td>Bea Van\n  den Bergh<\/td><td>Tilburg University<\/td><td>The Netherlands<\/td><\/tr><tr><td>Bego\u00f1a\n  Montero<\/td><td>Universidad Polit\u00e9cnica de\n  Valencia<\/td><td>Spain<\/td><\/tr><tr><td>Biyu J.\n  He<\/td><td>Washington University<\/td><td>Chine<\/td><\/tr><tr><td>Britt af\n  Klinteberg&nbsp;<\/td><td>Stockholm University<\/td><td>Sweden<\/td><\/tr><tr><td>Chris\n  McVittie<\/td><td>Queen Margaret University<\/td><td>Scotland<\/td><\/tr><tr><td>Conchi\n  San Mart\u00edn<\/td><td>University of Barcelona<\/td><td>Spain<\/td><\/tr><tr><td>Demet\n  Erol Ongen<\/td><td>Akdeniz University<\/td><td>Turkey<\/td><\/tr><tr><td>Diane\n  Cooper<\/td><td>School of Public Health &amp;\n  Family Medicine<\/td><td>South Africa<\/td><\/tr><tr><td>Diane\n  Sunar<\/td><td>Bilgi University<\/td><td>Turkey<\/td><\/tr><tr><td>Edwin\n  Herazo<\/td><td>Human Behavioral Research\n  Institute<\/td><td>Colombia<\/td><\/tr><tr><td>Elena\n  Lupu<\/td><td>Oil and Gas University<\/td><td>Romania<\/td><\/tr><tr><td>Emee\n  Vida Estacio<\/td><td>Keele University<\/td><td>UK<\/td><\/tr><tr><td>Emel\n  Kuruoglu<\/td><td>Dokuz Eylul University<\/td><td>Turkey<\/td><\/tr><tr><td>Felix\n  Ehrlenspiel<\/td><td>Technical University of Munich.<\/td><td>Germany<\/td><\/tr><tr><td>Flora\n  Cornish<\/td><td>Glasgow Caledonian University<\/td><td>Scotland<\/td><\/tr><tr><td>Georg W.\n  Oesterdiekhoff<\/td><td>University Erlangen-Nuernberg<\/td><td>Germany<\/td><\/tr><tr><td>George\n  Wright<\/td><td>Durham Business School<\/td><td>UK<\/td><\/tr><tr><td>Gill\n  Furze<\/td><td>University of York<\/td><td>UK<\/td><\/tr><tr><td>Giuseppe\n  Riva<\/td><td>The Catholic University of Milan<\/td><td>Italy<\/td><\/tr><tr><td>G\u00f6n\u00fcl\n  Akcamete<\/td><td>Ankara University<\/td><td>Turkey<\/td><\/tr><tr><td>Hayat\n  Boz<\/td><td>Ankara University<\/td><td>Turkey<\/td><\/tr><tr><td>Ian\n  Butler<\/td><td>University of Bath<\/td><td>UK<\/td><\/tr><tr><td>Ileana\n  Rotaru<\/td><td>Eftimie Murgu University<\/td><td>Romania<\/td><\/tr><tr><td>Inge\n  Petersen<\/td><td>University of KwaZulu-Natal<\/td><td>South Africa<\/td><\/tr><tr><td>Ivandro\n  Soares Monteiro<\/td><td>Orasi Institute<\/td><td>Portugal<\/td><\/tr><tr><td>Jacobus\n  G. Maree<\/td><td>University of Pretoria<\/td><td>South Africa<\/td><\/tr><tr><td>Jes\u00fas de\n  la Fuente Arias<\/td><td>University of Almer\u00eda<\/td><td>Spain<\/td><\/tr><tr><td>Joanna\n  Pawelczyk<\/td><td>Adam Mickiewicz University<\/td><td>Poland<\/td><\/tr><tr><td>Joanne\n  Dickson<\/td><td>University of Liverpool<\/td><td>UK<\/td><\/tr><tr><td>John\n  Fraser<\/td><td>University of New England<\/td><td>UK<\/td><\/tr><tr><td>Juan-Jos\u00e9\n  Igartua<\/td><td>University of Salamanca<\/td><td>Spain<\/td><\/tr><tr><td>Jung-Cheol\n  Shini<\/td><td>Seoul National University<\/td><td>South Korea<\/td><\/tr><tr><td>Kamil\n  \u00d6zerk<\/td><td>University of Oslo<\/td><td>Norway<\/td><\/tr><tr><td>Kavita\n  Vedhara<\/td><td>University of Nottingham<\/td><td>UK<\/td><\/tr><tr><td>Kinga\n  Morsanyi<\/td><td>University of Plymouth<\/td><td>UK<\/td><\/tr><tr><td>Lawrence\n  T. Lam<\/td><td>The University of Notre Dame<\/td><td>Australia<\/td><\/tr><tr><td>Lesley\n  Fraser<\/td><td>Australian Guidance and\n  Counselling Association<\/td><td>Australia<\/td><\/tr><tr><td>Lia\n  Patr\u00edcio<\/td><td>Univsity of Porto<\/td><td>Portugal<\/td><\/tr><tr><td>M. Kemal\n  Sayar<\/td><td>Fatih University<\/td><td>Turkey<\/td><\/tr><tr><td>Malik\n  Amjad<\/td><td>University College of the North<\/td><td>Canada<\/td><\/tr><tr><td>Mansour\n  Abdi<\/td><td>Arak University<\/td><td>Iran<\/td><\/tr><tr><td>Margaret\n  Harris<\/td><td>Oxford Brookes University<\/td><td>UK<\/td><\/tr><tr><td>Marie\n  .P. Wissing<\/td><td>North West University<\/td><td>South Africa<\/td><\/tr><tr><td>Marilyn\n  Campbell<\/td><td>Queensland University of\n  Technology<\/td><td>Australia<\/td><\/tr><tr><td>Martin\n  Voracek<\/td><td>University of Vienna<\/td><td>Austria<\/td><\/tr><tr><td>Mehmet\n  Erdem<\/td><td>University of Nevada<\/td><td>USA<\/td><\/tr><tr><td>Melahat\n  I\u015f\u0131nsu Halat<\/td><td>Ministry of Healthy<\/td><td>North Cyprus<\/td><\/tr><tr><td>Michelle\n  Simpson<\/td><td>University of\n  Wisconsin-Milwaukee<\/td><td>USA<\/td><\/tr><tr><td>Mohammad\n  Hossein Yarmohammadian<\/td><td>Isfahan University of Medical\n  Sciences<\/td><td>Iran<\/td><\/tr><tr><td>Monica\n  T. G. Ramirez<\/td><td>Universidad Autonoma de Nuevo\n  Leon<\/td><td>Mexico<\/td><\/tr><tr><td>Montserrat\n  Comesa\u00f1a Vila<\/td><td>University of Minho<\/td><td>Portugal<\/td><\/tr><tr><td>Nebi\n  Sumer<\/td><td>Middle East Technical University<\/td><td>Turkey<\/td><\/tr><tr><td><a href=\"https:\/\/scholar.google.es\/citations?hl=es&amp;imq=Omar+Fernando+Cort%C3%A9s+Pe%C3%B1a&amp;btnA=1&amp;user=ulwSD4gAAAAJ\" target=\"_blank\" rel=\"noreferrer noopener\">Omar Fernando\n  Cort\u00e9s Pe\u00f1a<\/a><\/td><td>Universidad de la Costa<\/td><td>Colombia&nbsp;<\/td><\/tr><tr><td>Oya\n  Hazer<\/td><td>Hacettepe University<\/td><td>Turkey<\/td><\/tr><tr><td>Peter\n  Mitchell<\/td><td>University of Nottingham\n  Malaysia<\/td><td>Malaysia<\/td><\/tr><tr><td>Philip\n  Philipoff<\/td><td>Bulgarian Academy of Sciences<\/td><td>Bulgaria<\/td><\/tr><tr><td>Prof.\n  Dr. Mohamed Yusoff Abbas<\/td><td>University Technology MARA<\/td><td>Malaysia<\/td><\/tr><tr><td>Reinhold\n  Viehoff<\/td><td>Martin Luther University<\/td><td>Germany<\/td><\/tr><tr><td>Ruy\n  Jornada Krebs<\/td><td>State University of Santa\n  Catarina<\/td><td>Brazil<\/td><\/tr><tr><td>Selahattin\n  \u00d6\u011f\u00fclm\u00fc\u015f<\/td><td>Ankara University<\/td><td>Turkey<\/td><\/tr><tr><td>Sibel\n  \u00c7i\u011fdem G\u00fcneysu<\/td><td>Baskent University<\/td><td>Turkey<\/td><\/tr><tr><td>Simonetta\n  Adamo<\/td><td>University of Milan<\/td><td>Italy<\/td><\/tr><tr><td>Stefanie\n  Hoehl<\/td><td>University of Heidelberg<\/td><td>Germany<\/td><\/tr><tr><td>Stephen\n  Goss&nbsp;<\/td><td>Univsity of Abertay Dundee<\/td><td>Scotland<\/td><\/tr><tr><td>Steve\n  Campbell<\/td><td>University of New England<\/td><td>Australia<\/td><\/tr><tr><td>Steve W.\n  J. Kozlowski<\/td><td>Michigan State University<\/td><td>USA<\/td><\/tr><tr><td>Steven\n  M. Rose<\/td><td>John Hopkins University<\/td><td>USA<\/td><\/tr><tr><td>Sue\n  Hawick<\/td><td>New South Wales Australia<\/td><td>Australia<\/td><\/tr><tr><td>Tara\n  Lehan<\/td><td>Northcentral University,<\/td><td>USA<\/td><\/tr><tr><td>Tim\n  Lewis<\/td><td>University of Missouri<\/td><td>USA<\/td><\/tr><tr><td>Tim\n  Melchert<\/td><td>Marquette University<\/td><td>USA<\/td><\/tr><tr><td>Toon W.\n  Taris<\/td><td>Radboud University Nijmegen<\/td><td>The Netherlands<\/td><\/tr><tr><td>Tuncay\n  Ergene<\/td><td>Ya\u015far University<\/td><td>Turkey<\/td><\/tr><tr><td>Turan\n  Temur<\/td><td>Gazi University<\/td><td>Turkey<\/td><\/tr><tr><td>Ulku\n  Koymen<\/td><td>Ajman University of Science and\n  Technology<\/td><td>UAE<\/td><\/tr><tr><td>Usha\n  Tummala-Narra<\/td><td>Michigan State University<\/td><td>USA<\/td><\/tr><tr><td>Vildan\n  Mevsim<\/td><td>Dokuz Eylul University<\/td><td>Turkey<\/td><\/tr><tr><td>Wenche\n  Andersen Helland<\/td><td>University of Bergen &amp; Stord\n  Hospital<\/td><td>Norway<\/td><\/tr><tr><td>Zehra\n  Ozcinar<\/td><td>Atat\u00fcrk Teacher&#8217;s Academy<\/td><td>North Cyprus<\/td><\/tr><\/tbody><\/table>\n","protected":false},"excerpt":{"rendered":"<p>A. Rui &nbsp;Gomes University of Minho Portugal Ahmad Alipour Payame Noor University Iran Aldert Vrij University of Portsmouth UK Andr\u00e9&hellip;<\/p>\n","protected":false},"author":2,"featured_media":0,"parent":0,"menu_order":0,"comment_status":"closed","ping_status":"open","template":"","meta":{"footnotes":""},"class_list":["post-7","page","type-page","status-publish","hentry"],"_links":{"self":[{"href":"https:\/\/www.globalcenter.info\/wc-psy\/index.php?rest_route=\/wp\/v2\/pages\/7"}],"collection":[{"href":"https:\/\/www.globalcenter.info\/wc-psy\/index.php?rest_route=\/wp\/v2\/pages"}],"about":[{"href":"https:\/\/www.globalcenter.info\/wc-psy\/index.php?rest_route=\/wp\/v2\/types\/page"}],"author":[{"embeddable":true,"href":"https:\/\/www.globalcenter.info\/wc-psy\/index.php?rest_route=\/wp\/v2\/users\/2"}],"replies":[{"embeddable":true,"href":"https:\/\/www.globalcenter.info\/wc-psy\/index.php?rest_route=%2Fwp%2Fv2%2Fcomments&post=7"}],"version-history":[{"count":4,"href":"https:\/\/www.globalcenter.info\/wc-psy\/index.php?rest_route=\/wp\/v2\/pages\/7\/revisions"}],"predecessor-version":[{"id":869,"href":"https:\/\/www.globalcenter.info\/wc-psy\/index.php?rest_route=\/wp\/v2\/pages\/7\/revisions\/869"}],"wp:attachment":[{"href":"https:\/\/www.globalcenter.info\/wc-psy\/index.php?rest_route=%2Fwp%2Fv2%2Fmedia&parent=7"}],"curies":[{"name":"wp","href":"https:\/\/api.w.org\/{rel}","templated":true}]}}