{"id":902,"date":"2019-08-31T09:49:44","date_gmt":"2019-08-31T06:49:44","guid":{"rendered":"http:\/\/www.globalcenter.info\/wc-psy\/?page_id=902"},"modified":"2019-08-31T09:49:44","modified_gmt":"2019-08-31T06:49:44","slug":"wc-psy-2018","status":"publish","type":"page","link":"https:\/\/www.globalcenter.info\/wc-psy\/?page_id=902","title":{"rendered":"WC-PSY 2018"},"content":{"rendered":"\n<p>Link to\u00a0WCPSY 2018\u00a0Poster is available\u00a0<a href=\"http:\/\/www.globalcenter.info\/wc-psy\/wp-content\/uploads\/2019\/08\/rollupWCPSY.jpg\">here<\/a><br>Link to WCPSY 2018 Abstract Book is available\u00a0<a rel=\"noreferrer noopener\" href=\"http:\/\/awer-center.org\/\" target=\"_blank\">here<br><\/a>Link to WCPSY 2018\u00a0Program Book is available\u00a0<a rel=\"noreferrer noopener\" aria-label=\"here (yeni sekmede a\u00e7\u0131l\u0131r)\" href=\"http:\/\/www.globalcenter.info\/wc-psy\/wp-content\/uploads\/2019\/08\/PROGRAMBOOK\u00d6NKAPAKWCPSY.jpg\" target=\"_blank\">here<\/a><a rel=\"noreferrer noopener\" href=\"https:\/\/drive.google.com\/file\/d\/12r9uDJ6oOg4l6R4s6tP712OGYyr1N5y5\/view?usp=sharing\" target=\"_blank\"><br><\/a>Photos from\u00a0 WCPSY 2018 is available at\u00a0<a rel=\"noreferrer noopener\" aria-label=\"here.  (yeni sekmede a\u00e7\u0131l\u0131r)\" href=\"https:\/\/www.facebook.com\/taegcenter\" target=\"_blank\">here. <\/a><\/p>\n","protected":false},"excerpt":{"rendered":"<p>Link to\u00a0WCPSY 2018\u00a0Poster is available\u00a0hereLink to WCPSY 2018 Abstract Book is available\u00a0hereLink to WCPSY 2018\u00a0Program Book is available\u00a0herePhotos from\u00a0 WCPSY&hellip;<\/p>\n","protected":false},"author":2,"featured_media":0,"parent":0,"menu_order":0,"comment_status":"closed","ping_status":"closed","template":"","meta":{"footnotes":""},"class_list":["post-902","page","type-page","status-publish","hentry"],"_links":{"self":[{"href":"https:\/\/www.globalcenter.info\/wc-psy\/index.php?rest_route=\/wp\/v2\/pages\/902"}],"collection":[{"href":"https:\/\/www.globalcenter.info\/wc-psy\/index.php?rest_route=\/wp\/v2\/pages"}],"about":[{"href":"https:\/\/www.globalcenter.info\/wc-psy\/index.php?rest_route=\/wp\/v2\/types\/page"}],"author":[{"embeddable":true,"href":"https:\/\/www.globalcenter.info\/wc-psy\/index.php?rest_route=\/wp\/v2\/users\/2"}],"replies":[{"embeddable":true,"href":"https:\/\/www.globalcenter.info\/wc-psy\/index.php?rest_route=%2Fwp%2Fv2%2Fcomments&post=902"}],"version-history":[{"count":1,"href":"https:\/\/www.globalcenter.info\/wc-psy\/index.php?rest_route=\/wp\/v2\/pages\/902\/revisions"}],"predecessor-version":[{"id":905,"href":"https:\/\/www.globalcenter.info\/wc-psy\/index.php?rest_route=\/wp\/v2\/pages\/902\/revisions\/905"}],"wp:attachment":[{"href":"https:\/\/www.globalcenter.info\/wc-psy\/index.php?rest_route=%2Fwp%2Fv2%2Fmedia&parent=902"}],"curies":[{"name":"wp","href":"https:\/\/api.w.org\/{rel}","templated":true}]}}