{"id":906,"date":"2019-08-31T09:52:17","date_gmt":"2019-08-31T06:52:17","guid":{"rendered":"http:\/\/www.globalcenter.info\/wc-psy\/?page_id=906"},"modified":"2019-11-12T10:36:19","modified_gmt":"2019-11-12T07:36:19","slug":"wc-psy-2019","status":"publish","type":"page","link":"https:\/\/www.globalcenter.info\/wc-psy\/?page_id=906","title":{"rendered":"WC-PSY 2019"},"content":{"rendered":"\n<h4 class=\"wp-block-heading\" style=\"text-align:center\"><strong>6th WORLD CONFERENCE ON PSYCHOLOGY SCIENCES<br>(WC-PSY 2019)<\/strong><br>Christian University\u00a0<br>St. Petersburg, Russia<br>29-31 August\u00a02019<\/h4>\n\n\n\n<p>Link to&nbsp;WCPSY 2019&nbsp;Poster is available&nbsp;<a href=\"http:\/\/www.globalcenter.info\/wc-psy\/wp-content\/uploads\/2019\/08\/wcpsyrollup.jpg\">here<\/a><br>Link to WCPSY 2019&nbsp;Program Book is available&nbsp;<a rel=\"noreferrer noopener\" aria-label=\"here\nPhotos (yeni sekmede a\u00e7\u0131l\u0131r)\" href=\"http:\/\/www.globalcenter.info\/wc-psy\/wp-content\/uploads\/2019\/08\/son-program-WCPSY-2019.pdf\" target=\"_blank\">here<br>Photos<\/a> from&nbsp; WCPSY 2019 is available at&nbsp;<a rel=\"noreferrer noopener\" href=\"https:\/\/www.facebook.com\/taegcenter\" target=\"_blank\">here. <\/a><\/p>\n","protected":false},"excerpt":{"rendered":"<p>6th WORLD CONFERENCE ON PSYCHOLOGY SCIENCES(WC-PSY 2019)Christian University\u00a0St. Petersburg, Russia29-31 August\u00a02019 Link to&nbsp;WCPSY 2019&nbsp;Poster is available&nbsp;hereLink to WCPSY 2019&nbsp;Program Book&hellip;<\/p>\n","protected":false},"author":2,"featured_media":0,"parent":0,"menu_order":0,"comment_status":"closed","ping_status":"closed","template":"","meta":{"footnotes":""},"class_list":["post-906","page","type-page","status-publish","hentry"],"_links":{"self":[{"href":"https:\/\/www.globalcenter.info\/wc-psy\/index.php?rest_route=\/wp\/v2\/pages\/906"}],"collection":[{"href":"https:\/\/www.globalcenter.info\/wc-psy\/index.php?rest_route=\/wp\/v2\/pages"}],"about":[{"href":"https:\/\/www.globalcenter.info\/wc-psy\/index.php?rest_route=\/wp\/v2\/types\/page"}],"author":[{"embeddable":true,"href":"https:\/\/www.globalcenter.info\/wc-psy\/index.php?rest_route=\/wp\/v2\/users\/2"}],"replies":[{"embeddable":true,"href":"https:\/\/www.globalcenter.info\/wc-psy\/index.php?rest_route=%2Fwp%2Fv2%2Fcomments&post=906"}],"version-history":[{"count":2,"href":"https:\/\/www.globalcenter.info\/wc-psy\/index.php?rest_route=\/wp\/v2\/pages\/906\/revisions"}],"predecessor-version":[{"id":957,"href":"https:\/\/www.globalcenter.info\/wc-psy\/index.php?rest_route=\/wp\/v2\/pages\/906\/revisions\/957"}],"wp:attachment":[{"href":"https:\/\/www.globalcenter.info\/wc-psy\/index.php?rest_route=%2Fwp%2Fv2%2Fmedia&parent=906"}],"curies":[{"name":"wp","href":"https:\/\/api.w.org\/{rel}","templated":true}]}}