{"id":10,"date":"2016-06-26T22:58:43","date_gmt":"2016-06-26T19:58:43","guid":{"rendered":"http:\/\/www.globalcenter.info\/wces\/?page_id=10"},"modified":"2023-01-09T23:21:04","modified_gmt":"2023-01-09T20:21:04","slug":"international-advisory-board","status":"publish","type":"page","link":"https:\/\/www.globalcenter.info\/wces\/?page_id=10","title":{"rendered":"International Advisory Board"},"content":{"rendered":"<p>Ahmet G\u00fcneyli \u2013 Near East University, Cyprus<br \/>Ali Baykal \u2013 Bahcesehir University, Turkey<br \/>Alfonso Corbacho Sanchez, University of Extremadura, Spain<br \/>Ana Loureiro \u2013 Polytechnics Institute of Santarem, Portugal<br \/>Ay\u015fe \u00c7ak\u0131r \u0130lhan \u2013 Ankara University, Turkey<br \/>Carmen P\u00e9rez Sabater \u2013 Universitat Polit\u00e8cnica de Val\u00e8ncia, Spain<br \/>C\u00e9lio Gon\u00e7alo Marques, Information and Communication Technologies Department, Polytechnic Institute of Tomar, Portugal<br \/>Chee Ken Nee, Universiti Pendidikan Sultan Idris, Malaysia<br \/>Demet Erol \u00d6ngen \u2013 Akdeniz University, Turkey<br \/>Deniz Has\u0131rc\u0131, Izmir University of Economics, Turkey<br \/>Elena Lupu \u2013 Oil and Gas University, Romania<br \/>Fato\u015f Silman \u2013 Cyprus International University, Cyprus<br \/>Ferhan Odaba\u015fi \u2013 Anadolu University, Turkey<br \/>Fezile \u00d6zdaml\u0131 \u2013 Near East University, Cyprus<br \/>G\u00f6n\u00fcl Ak\u00e7amete \u2013 Near East University, Cyprus<br \/>Guang-Lea Lee \u2013 Old Dominion University, England<br \/>Gul Celkan \u2013 Middle Georgia State College, USA<br \/>G\u00fcls\u00fcn A. Baskan \u2013 Okan University, Turkey<br \/>Hafize Keser \u2013 Ankara University, Turkey<br \/>Halil \u0130brahim Yal\u0131n \u2013 Cyprus International University, Cyprus<br \/>Hamit Caner \u2013 Eastern Mediterranean University, Cyprus<br \/>Hayat Boz \u2013 Ankara University, Turkey<br \/>H\u00fcseyin Uzunboylu \u2013 Near East University, Cyprus<br \/>Jacobus G. Maree \u2013 University of Pretoria, South Africa<br \/>Jaleh Hassaskhah \u2013 University of Guilan, Iran<br \/>Jan Parker \u2013 Open University, UK<br \/>Jean Underwood \u2013 Nottingham Trent University, UK<br \/>Jung-Cheol Shini \u2013 Seoul National University, South Korea<br \/>Kamisah Osman \u2013 Universiti Kebangsaan, Malaysia<br \/>Levent \u00c7etinkaya, \u00c7anakkale Onsekiz Mart University, Turkey<br \/>Malik Amjad \u2013 University College of the North, Canada<br \/>Maria Dobritoiu \u2013 University of Petro\u015fani, Romania<br \/>Maria Helena Esteves \u2013 University of Lisbon, Portugal\u00a0<br \/>Marilyn Campbell \u2013 Queensland University of Technology, Australia<br \/>Mehmet Erdem \u2013 University Of Nevada, USA<br \/>Mehmet G\u00fcrol \u2013 F\u0131rat University, Turkey<br \/>Mehmet Kesim \u2013 Anadolu University, Turkey<br \/>Mohammad H. Yarmohammadian \u2013 Isfahan University of Medical Sciences, Iran<span lang=\"EN-US\"><br \/><\/span>Nadire \u00c7avu\u015f \u2013 Near East University, Cyprus<br \/><span lang=\"EN-US\">Natalya Khokholova, Yeoju Technical Institute in Tashkent, Uzbekistan<\/span><br \/>Nejdet Osam \u2013 Eastern Mediterranean University, Cyprus<br \/>Nerg\u00fcz Bulut Serin \u2013 Lefke Avrupa \u00dcniversitesi, Cyprus<br \/>Oguz Serin \u2013 Lefke Avrupa \u00dcniversitesi, Cyprus<br \/>\u00d6zcan Demirel \u2013 Cyprus International University, Cyprus<br \/>Rauf Y\u0131ld\u0131z \u2013 Canakkale Onsekiz Mart University, Turkey<br \/>Servet Bayram \u2013 Yeditepe University, Turkey<br \/>\u015eirin Karadeniz \u2013 Bahcesehir University, Turkey<br \/>Steven M. Rose \u2013 John Hopkins University, USA<br \/>Tuncay Ergene \u2013 Ya\u015far University, Turkey<br \/>Zehra \u00d6z\u00e7inar \u2013 Atat\u00fcrk Teacher\u2019s Academy, Cyprus<br \/>Yesim Ustun Aksoy, Near East University, North Cyprus<\/p>\n\n\n<p><\/p>\n","protected":false},"excerpt":{"rendered":"<p>Ahmet G\u00fcneyli \u2013 Near East University, CyprusAli Baykal \u2013 Bahcesehir University, TurkeyAlfonso Corbacho Sanchez, University of Extremadura, SpainAna Loureiro \u2013 Polytechnics Institute of Santarem, PortugalAy\u015fe \u00c7ak\u0131r \u0130lhan \u2013 Ankara University, TurkeyCarmen P\u00e9rez Sabater \u2013 Universitat Polit\u00e8cnica de Val\u00e8ncia, SpainC\u00e9lio Gon\u00e7alo Marques, Information and Communication Technologies Department, Polytechnic Institute of Tomar, PortugalChee Ken Nee, Universiti Pendidikan [&hellip;]<\/p>\n","protected":false},"author":2,"featured_media":0,"parent":0,"menu_order":0,"comment_status":"closed","ping_status":"closed","template":"","meta":{"saved_in_kubio":false,"ub_ctt_via":"","footnotes":""},"class_list":["post-10","page","type-page","status-publish","hentry"],"kubio_ai_page_context":{"short_desc":"","purpose":"general"},"featured_image_src":null,"jetpack_sharing_enabled":true,"_links":{"self":[{"href":"https:\/\/www.globalcenter.info\/wces\/index.php?rest_route=\/wp\/v2\/pages\/10"}],"collection":[{"href":"https:\/\/www.globalcenter.info\/wces\/index.php?rest_route=\/wp\/v2\/pages"}],"about":[{"href":"https:\/\/www.globalcenter.info\/wces\/index.php?rest_route=\/wp\/v2\/types\/page"}],"author":[{"embeddable":true,"href":"https:\/\/www.globalcenter.info\/wces\/index.php?rest_route=\/wp\/v2\/users\/2"}],"replies":[{"embeddable":true,"href":"https:\/\/www.globalcenter.info\/wces\/index.php?rest_route=%2Fwp%2Fv2%2Fcomments&post=10"}],"version-history":[{"count":17,"href":"https:\/\/www.globalcenter.info\/wces\/index.php?rest_route=\/wp\/v2\/pages\/10\/revisions"}],"predecessor-version":[{"id":1591,"href":"https:\/\/www.globalcenter.info\/wces\/index.php?rest_route=\/wp\/v2\/pages\/10\/revisions\/1591"}],"wp:attachment":[{"href":"https:\/\/www.globalcenter.info\/wces\/index.php?rest_route=%2Fwp%2Fv2%2Fmedia&parent=10"}],"curies":[{"name":"wp","href":"https:\/\/api.w.org\/{rel}","templated":true}]}}