{"id":12,"date":"2016-06-26T22:59:45","date_gmt":"2016-06-26T19:59:45","guid":{"rendered":"http:\/\/www.globalcenter.info\/wces\/?page_id=12"},"modified":"2026-02-03T10:09:10","modified_gmt":"2026-02-03T07:09:10","slug":"organizing-committee","status":"publish","type":"page","link":"https:\/\/www.globalcenter.info\/wces\/?page_id=12","title":{"rendered":"Organizing Committee"},"content":{"rendered":"<p><strong><u>Organized by<br \/>\n<\/u><\/strong>Istanbul Ayd\u0131n University, Turkey<\/p>\n<p><strong><u>Honorable President<\/u><\/strong><\/p>\n<p><strong>Prof. Dr. Mustafa AYDIN<\/strong><\/p>\n<p>Chairman of the Board of Trustees<\/p>\n<p><strong><u>President<\/u><\/strong><\/p>\n<p><strong>Prof. Dr. \u0130brahim Hakk\u0131 AYDIN<\/strong><\/p>\n<p>Rector \/ Chair<\/p>\n<p><strong><u>The Program Conference Chair<br \/>\n<\/u><\/strong><strong>Prof. Dr. Rag\u0131p \u00d6zy\u00fcrek<\/strong>, Istanbul Ayd\u0131n University, Turkey<\/p>\n<p><strong><u>International Program Committee<br \/>\n<\/u><\/strong><strong>Teresa Magal-Royo<\/strong>,\u00a0<em>Polytechnical University of Valencia<\/em>, Spain<br \/>\n<strong>Ali Baykal<\/strong>,\u00a0<em>Bahcesehir University<\/em>, Turkey<br \/>\n<strong>Bego\u00f1a Montero<\/strong>,\u00a0<em>Universidad Polit\u00e9cnica de Valencia<\/em>, Spain<br \/>\n<strong>Cem Babado\u011fan<\/strong>,\u00a0<em>Ankara University<\/em>, Turkey<br \/>\n<strong>Conchi San Mart\u00edn<\/strong>,\u00a0<em>University of Barcelona<\/em>, Spain<br \/>\n<strong>Jes\u00fas de la Fuente Arias<\/strong>,\u00a0<em>University of Almer\u00eda<\/em>, Spain<br \/>\n<strong>Kamisah Osman<\/strong>,\u00a0<em>Universiti Kebangsaan<\/em>, Malaysia<br \/>\n<strong>Jesus Garcia Laborda<\/strong>, Alcala University, Spain<br \/>\n<strong>Levent \u00c7etinkaya<\/strong>, \u00c7anakkale Onsekiz Mart University, Turkey<br \/>\n<strong>Ali Rahimi<\/strong>,\u00a0<em>Bankong University<\/em>, Thailand<br \/>\n<strong>Ana Pav\u00f3n Sevilla<\/strong>,\u00a0<em>University of Alcal\u00e1<\/em>, Spain<br \/>\n<strong>Mohammad Ali Nasrollahi<\/strong>,\u00a0Technical and Vocational University,\u00a0Iran<br \/>\n<strong>Atefeh Ferdosipour<\/strong>,\u00a0<em>Islamic Azad University- East Tehran Branch<\/em>, Iran<\/p>\n<p><strong><u>Organizing Committee<\/u><\/strong><\/p>\n<p><strong>Tahir Tavuk\u00e7u,<\/strong>\u00a0<em>Cyprus Social Sciences University, Cyprus<\/em><\/p>\n<p><strong>Nihat Ekizo\u011flu,<\/strong>\u00a0<em>Ataturk Teacher Training Academy,\u00a0Cyprus<\/em><\/p>\n<p><strong>Beria G\u00f6kayd\u0131n,<\/strong><em>\u00a0Near East University,\u00a0Cyprus<\/em><\/p>\n<p><strong>Daniel Sekyere-Asiedu,<\/strong>\u00a0<em>Near East University,\u00a0Cyprus<\/em><\/p>\n<p><strong>Florijeta Hulaj,<em>\u00a0<\/em><\/strong><em>AAB University, Kosovo<\/em><\/p>\n<p><strong>Lilia Trushko<\/strong>,\u00a0<em>Girne American University,\u00a0Cyprus<\/em><\/p>\n<p><strong>Metin Berk Odabas\u0131,<\/strong>\u00a0<em>Warwick University, UK<\/em><\/p>\n<p><strong>Semih \u00c7al\u0131\u015fkan,<\/strong>\u00a0<em>Izmir Yasar University, Turkey<\/em><\/p>\n<p><strong>Zeynep Gen\u00e7,<\/strong><em>\u00a0Istanbul Ayd\u0131n University, Turkey<\/em><\/p>\n<p><strong>Deniz Ozcan,<\/strong>\u00a0<em>Ondokuz May\u0131s University, Turkey \u00a0\u00a0<\/em><\/p>\n<p><strong><u>Secretariat<\/u><\/strong><strong><br \/>\n<\/strong><strong>Onwudiwe Kenechukwu<br \/>\n<\/strong><a href=\"mailto:wces.info@gmail.com\">wces.info@gmail.com<\/a><\/p>\n","protected":false},"excerpt":{"rendered":"<p>Organized by Istanbul Ayd\u0131n University, Turkey Honorable President Prof. Dr. Mustafa AYDIN Chairman of the Board of Trustees President Prof. Dr. \u0130brahim Hakk\u0131 AYDIN Rector \/ Chair The Program Conference Chair Prof. Dr. Rag\u0131p \u00d6zy\u00fcrek, Istanbul Ayd\u0131n University, Turkey International Program Committee Teresa Magal-Royo,\u00a0Polytechnical University of Valencia, Spain Ali Baykal,\u00a0Bahcesehir University, Turkey Bego\u00f1a Montero,\u00a0Universidad Polit\u00e9cnica [&hellip;]<\/p>\n","protected":false},"author":2,"featured_media":0,"parent":0,"menu_order":0,"comment_status":"closed","ping_status":"closed","template":"","meta":{"saved_in_kubio":true,"ub_ctt_via":"","footnotes":""},"class_list":["post-12","page","type-page","status-publish","hentry"],"kubio_ai_page_context":{"short_desc":"","purpose":"general"},"featured_image_src":null,"jetpack_sharing_enabled":true,"_links":{"self":[{"href":"https:\/\/www.globalcenter.info\/wces\/index.php?rest_route=\/wp\/v2\/pages\/12"}],"collection":[{"href":"https:\/\/www.globalcenter.info\/wces\/index.php?rest_route=\/wp\/v2\/pages"}],"about":[{"href":"https:\/\/www.globalcenter.info\/wces\/index.php?rest_route=\/wp\/v2\/types\/page"}],"author":[{"embeddable":true,"href":"https:\/\/www.globalcenter.info\/wces\/index.php?rest_route=\/wp\/v2\/users\/2"}],"replies":[{"embeddable":true,"href":"https:\/\/www.globalcenter.info\/wces\/index.php?rest_route=%2Fwp%2Fv2%2Fcomments&post=12"}],"version-history":[{"count":29,"href":"https:\/\/www.globalcenter.info\/wces\/index.php?rest_route=\/wp\/v2\/pages\/12\/revisions"}],"predecessor-version":[{"id":2493,"href":"https:\/\/www.globalcenter.info\/wces\/index.php?rest_route=\/wp\/v2\/pages\/12\/revisions\/2493"}],"wp:attachment":[{"href":"https:\/\/www.globalcenter.info\/wces\/index.php?rest_route=%2Fwp%2Fv2%2Fmedia&parent=12"}],"curies":[{"name":"wp","href":"https:\/\/api.w.org\/{rel}","templated":true}]}}