{"id":2,"date":"2016-03-07T16:54:07","date_gmt":"2016-03-07T14:54:07","guid":{"rendered":"http:\/\/www.globalcenter.info\/wces\/?page_id=2"},"modified":"2026-01-19T10:48:05","modified_gmt":"2026-01-19T07:48:05","slug":"ornek-sayfa","status":"publish","type":"page","link":"https:\/\/www.globalcenter.info\/wces\/","title":{"rendered":"Home"},"content":{"rendered":"\n\n<ul>\n<li>\n<ul>\n<li>Articles selected by the editors of the journals supporting the conference will be invited to the journal\u2019s review process. <strong>Clarivate Analytics Web of Science<\/strong> <strong>(<\/strong><strong>SCI,<\/strong> <strong>SCI-Expanded<\/strong><strong>, <\/strong><strong>SSCI,<\/strong> <strong>or<\/strong> <strong>ESCI<\/strong><strong>)<\/strong><strong>, or <\/strong><strong>SCOPUS<\/strong><strong>.<\/strong><\/li>\n<li>The remaining accepted full papers will be published as <strong>\u201cWCES-2026 Proceedings Book\u201d<\/strong> (with ISSN and DOI number) and submitted to <strong>SCOPUS<\/strong> and <strong>Clarivate Analytics Conference Proceedings Citation Index <\/strong>for evaluation for inclusion in the list.<\/li>\n<li>After the review process, accepted full papers will be published in the <strong>World Journal on Educational Technology\u00a0<\/strong><\/li>\n<li>In addition, distinguished keynote speakers who are internationally renowned in the field will be giving presentations at the conference. You will also have a chance to discuss your work with the editors of the most respected journals.<\/li>\n<li>All proposals will be subjected to peer reviews.<\/li>\n<li>Best Abstract and Poster Awards<\/li>\n<li>Oral, Poster, or Virtual Presentation Certificate<\/li>\n<li>Participation and Presentation Certificate<\/li>\n<li>Conference Bag<\/li>\n<li>Online Abstracts Book<\/li>\n<li>Printed Program Book<\/li>\n<li>Networking times for collaboration and projects<\/li>\n<\/ul>\n<p><b>For more Information: wces.info@gmail.com, WhatsApp: +905428737331\u00a0 \u00a0<\/b><\/p>\n<\/li>\n<\/ul>\n<div><b>It meets the Y\u00d6K Academic Incentive Allowance Regulation and UAK Associate Professorship Criteria. <\/b><b><\/b><\/div>\n<p>Hope to meet you at the conference<br \/><strong>Prof. Dr. Rag\u0131p \u00d6zy\u00fcrek, Faculty of Educational Sciences, Istanbul Ayd\u0131n University\u00a0<\/strong><br \/>The Program Conference Chair<\/p>\n<p><a href=\"http:\/\/www.taeg-conferences.online\/index.php\/WCES\/wces-2026\/schedConf\/cfp\"><img loading=\"lazy\" decoding=\"async\" class=\"aligncenter\" src=\"http:\/\/www.globalcenter.info\/wces\/wp-content\/uploads\/2023\/04\/5364002-1.png\" alt=\"\" width=\"406\" height=\"103\" \/><\/a><\/p>\n<p>&nbsp;<\/p>\n\n","protected":false},"excerpt":{"rendered":"<p>Articles selected by the editors of the journals supporting the conference will be invited to the journal\u2019s review process. Clarivate Analytics Web of Science (SCI, SCI-Expanded, SSCI, or ESCI), or SCOPUS. The remaining accepted full papers will be published as \u201cWCES-2026 Proceedings Book\u201d (with ISSN and DOI number) and submitted to SCOPUS and Clarivate Analytics [&hellip;]<\/p>\n","protected":false},"author":2,"featured_media":0,"parent":0,"menu_order":0,"comment_status":"closed","ping_status":"open","template":"","meta":{"saved_in_kubio":true,"ub_ctt_via":"","footnotes":""},"class_list":["post-2","page","type-page","status-publish","hentry"],"kubio_ai_page_context":{"short_desc":"","purpose":"general"},"featured_image_src":null,"jetpack_sharing_enabled":true,"_links":{"self":[{"href":"https:\/\/www.globalcenter.info\/wces\/index.php?rest_route=\/wp\/v2\/pages\/2"}],"collection":[{"href":"https:\/\/www.globalcenter.info\/wces\/index.php?rest_route=\/wp\/v2\/pages"}],"about":[{"href":"https:\/\/www.globalcenter.info\/wces\/index.php?rest_route=\/wp\/v2\/types\/page"}],"author":[{"embeddable":true,"href":"https:\/\/www.globalcenter.info\/wces\/index.php?rest_route=\/wp\/v2\/users\/2"}],"replies":[{"embeddable":true,"href":"https:\/\/www.globalcenter.info\/wces\/index.php?rest_route=%2Fwp%2Fv2%2Fcomments&post=2"}],"version-history":[{"count":298,"href":"https:\/\/www.globalcenter.info\/wces\/index.php?rest_route=\/wp\/v2\/pages\/2\/revisions"}],"predecessor-version":[{"id":2467,"href":"https:\/\/www.globalcenter.info\/wces\/index.php?rest_route=\/wp\/v2\/pages\/2\/revisions\/2467"}],"wp:attachment":[{"href":"https:\/\/www.globalcenter.info\/wces\/index.php?rest_route=%2Fwp%2Fv2%2Fmedia&parent=2"}],"curies":[{"name":"wp","href":"https:\/\/api.w.org\/{rel}","templated":true}]}}