{"id":29,"date":"2015-12-10T11:20:52","date_gmt":"2015-12-10T09:20:52","guid":{"rendered":"http:\/\/www.globalcenter.info\/wcetr\/?page_id=29"},"modified":"2023-12-17T16:40:09","modified_gmt":"2023-12-17T13:40:09","slug":"accomodation","status":"publish","type":"page","link":"https:\/\/www.globalcenter.info\/wcetr\/?page_id=29","title":{"rendered":"Accomodation"},"content":{"rendered":"\n<figure class=\"wp-block-image size-large is-resized\"><img decoding=\"async\" src=\"https:\/\/globalcenter.info\/adpol\/wp-content\/uploads\/2023\/03\/larapark.jpg\" alt=\"\" class=\"wp-image-1310\"\/><\/figure>\n\n\n\n<p><a href=\"https:\/\/www.corendonhotels.com.tr\/grand-park-lara\"><strong>Grand Park Lara Hotel<\/strong><\/a><strong> *****<br><\/strong>Kemera\u011fz\u0131 Mahallesi, Ya\u015far Sobutay Blv<br>No: 37, 07112<br>Aksu\/Antalya, Turkey<br><em>(20 Minutes far from Antalya Airport)<\/em><\/p>\n\n\n\n<figure class=\"wp-block-table is-style-regular\" style=\"font-size:19px\"><table><tbody><tr><td><br><br><br><\/td><td class=\"has-text-align-center\" data-align=\"center\">Early Registration<br><strong>Until December 30, 2023<\/strong><\/td><td class=\"has-text-align-center\" data-align=\"center\"><strong>After December 30, 2023<\/strong><\/td><td class=\"has-text-align-center\" data-align=\"center\"><strong>Registration Desk<\/strong><\/td><\/tr><tr><td><strong>STANDART ROOM<\/strong><\/td><td class=\"has-text-align-center\" data-align=\"center\"><\/td><td class=\"has-text-align-center\" data-align=\"center\"><\/td><td class=\"has-text-align-center\" data-align=\"center\"><\/td><\/tr><tr><td><strong>Single Room<\/strong><\/td><td class=\"has-text-align-center\" data-align=\"center\">70 \u20ac<\/td><td class=\"has-text-align-center\" data-align=\"center\">75 \u20ac<\/td><td class=\"has-text-align-center\" data-align=\"center\">80 \u20ac<\/td><\/tr><tr><td><strong>Double*<\/strong><\/td><td class=\"has-text-align-center\" data-align=\"center\">47 \u20ac <strong>*<\/strong><\/td><td class=\"has-text-align-center\" data-align=\"center\">52 \u20ac <strong>*<\/strong><\/td><td class=\"has-text-align-center\" data-align=\"center\">60 \u20ac<\/td><\/tr><tr><td>1 ADL + 1 CHD<\/td><td class=\"has-text-align-center\" data-align=\"center\">70 \u20ac<\/td><td class=\"has-text-align-center\" data-align=\"center\">75 \u20ac<\/td><td class=\"has-text-align-center\" data-align=\"center\">80 \u20ac <strong>*<\/strong><\/td><\/tr><tr><td>1 ADL + 2 CHD*<\/td><td class=\"has-text-align-center\" data-align=\"center\">70 \u20ac<\/td><td class=\"has-text-align-center\" data-align=\"center\">75 \u20ac<\/td><td class=\"has-text-align-center\" data-align=\"center\">80 \u20ac<\/td><\/tr><tr><td>2 ADL + 1 CHD*<\/td><td class=\"has-text-align-center\" data-align=\"center\">47 \u20ac <strong>*<\/strong><\/td><td class=\"has-text-align-center\" data-align=\"center\">52 \u20ac <strong>*<\/strong><\/td><td class=\"has-text-align-center\" data-align=\"center\">60 \u20ac <strong>*<\/strong><\/td><\/tr><tr><td>3 ADL *<\/td><td class=\"has-text-align-center\" data-align=\"center\">45 \u20ac <strong>*<\/strong><\/td><td class=\"has-text-align-center\" data-align=\"center\">47 \u20ac <strong>*<\/strong><\/td><td class=\"has-text-align-center\" data-align=\"center\">50 \u20ac <strong>*<\/strong><\/td><\/tr><\/tbody><\/table><\/figure>\n\n\n\n<p class=\"has-text-color has-primary-color\"><em><strong><span class=\"has-inline-color has-vivid-red-color\">*Double and Triple\u2019s prices for per person.<\/span><\/strong><\/em><\/p>\n\n\n\n<ul class=\"wp-block-list\"><li><span class=\"has-inline-color has-vivid-red-color\">If you&#8217;d like, we can help you stay with a same-sex roommate as a conference attendee. This way, you can pay lower room rates.<\/span><\/li><\/ul>\n\n\n\n<p class=\"has-background has-white-background-color\"><p class=\"has-white-background-color has-background\" style=\"text-decoration:underline\"><strong>MAKE A ROOM RESERVATION<\/strong><\/p><\/p>\n\n\n\n<p>Please <a href=\"https:\/\/docs.google.com\/forms\/d\/e\/1FAIpQLSfwFYWjG7RrnKgUeThqIpzZtBKBr8JthczyPxdPXQ8KvTZPHg\/viewform\" target=\"_blank\" rel=\"noreferrer noopener\">click here<\/a> to make a hotel room reservation.<\/p>\n\n\n\n<p><\/p>\n\n\n\n<p><strong><u>BANK PAYMENT<\/u><\/strong><\/p>\n\n\n\n<p>\u2022If you prefer to make your registration payment via bank, <a href=\"https:\/\/globalcenter.info\/cyicer\/wp-content\/uploads\/2020\/12\/AKBANK-TRANSFER-2020-1.pdf\">Please click here for BANK TRANSFER PAYMENT information.<\/a><br>\u2022When you make your payment, please scan document or download from your bank and sent to congress email address,&nbsp; <a href=\"mailto:congress.infodesk@gmail.com\">congress.infodesk@gmail.com<\/a>&nbsp; and also do not forget to write paper ID.<\/p>\n\n\n\n<p><\/p>\n\n\n\n<p><strong><u>CREDIT CARD PAYMENT<\/u><\/strong><\/p>\n\n\n\n<p>\u2022If you prefer to make your registration payment with Credit Card, <a href=\"https:\/\/www.globalcenter.info\/payment\/index.php?route=product\/product&amp;product_id=292\">Please click here for CREDIT CARD PAYMENT<\/a><\/p>\n\n\n\n<p><\/p>\n\n\n\n<p><strong><u>FACILITIES (All Inclusive)<\/u><\/strong><\/p>\n\n\n\n<p>\u2022 All-inclusive accommodation ((hotel room, open buffet breakfast, late open buffet breakfast, open buffet lunch, open buffet pool bar, open buffet dinner, late dinner and all alcoholic and soft beverages)<br>\u2022 Participants who do not stay at the Grand Park Lara Hotel must pay an extra 35\u20ac per day according to the hotel principle.<br>\u2022 First and second child: 0-13 years old free of charge<br>\u2022 Child discounts are valid if they are in the same room as their parents.<br>\u2022 The prices stated are our net prices including VAT.<br>\u2022 Internet service (wireless)<br>\u2022 Lobby Piano Bar, Pool Bar, Disco Bar<br>\u2022 Open buffet lunch, Late breakfast buffet, Chopin Cafe &amp; Patisserie, Pool Snack<br>\u2022 Evening buffet, Vegetarian Buffet, Coffee and Cake, Afternoon Snacks, Diet Buffet<br>\u2022 Midnight soup and snacks, Sandwich Service, All Alcoholic Beverages, Soft Drinks<br>\u2022 Hot Drinks, Tea \u2013 Coffee<\/p>\n\n\n\n<p><\/p>\n\n\n\n<p><strong><u>ADDITIONAL DETAILS:<\/u><\/strong><\/p>\n\n\n\n<p>\u2022 The entrance to the hotel is made as of 12:30. Rooms are given after 14:00.<br>\u2022 Open buffet lunch (12:30-14:00) on the check-in day and open buffet breakfast (07:00-10:00) on the check-out day are included in the price.<br>\u2022 All services received before 12:30 on the check-in day, lounge use, bar, restaurant and snack buffet etc. use-chargeable.<br>\u2022 In case of request for open buffet breakfast on the arrival day, 10 EURO per person is charged. Payment is made to the hotel in advance.<br>\u2022 On the day of departure, the rooms are delivered to the Hotel at 12:00 at the latest.<br>\u2022 All services received after 12:00 on the day of departure, lounge use, lunch, bar, restaurant and snack buffet etc. use-chargeable.<br>\u2022 If there is an open buffet lunch request on the day of departure, 12 EURO per person is charged. Payment is made to the hotel in advance.<br>\u2022 If there is an open buffet dinner request on the day of departure, 15 EURO per person is charged. Payment is made to the hotel in advance.<br>\u2022 0.5 lt of water is provided free of charge, depending on the number of people, in the room\/minibar. Extra requests\/Room service will be charged extra.<\/p>\n\n\n\n<p><\/p>\n\n\n\n<p><strong><u>EXTERNAL PARTICIPANTS DETAILS:<\/u><\/strong><\/p>\n\n\n\n<p>\u2022 In the case of an external participant, there is an extra charge of 30 EURO per person.<br>\u2022 Price includes 1 open buffet lunch and coffee break with cookies twice a day in the meeting room. (Valid between 09:00-17:00)<br>\u2022 For external participants, open buffet breakfast and open buffet dinner are charged extra.<\/p>\n","protected":false},"excerpt":{"rendered":"<p>Grand Park Lara Hotel *****Kemera\u011fz\u0131 Mahallesi, Ya\u015far Sobutay BlvNo: 37, 07112Aksu\/Antalya, Turkey(20 Minutes far from Antalya Airport) Early RegistrationUntil December 30, 2023 After December 30, 2023 Registration Desk STANDART ROOM Single Room 70 \u20ac 75 \u20ac 80 \u20ac Double* 47 \u20ac * 52 \u20ac * 60 \u20ac 1 ADL + 1 CHD 70 \u20ac 75 [&hellip;]<\/p>\n","protected":false},"author":2,"featured_media":0,"parent":0,"menu_order":0,"comment_status":"closed","ping_status":"closed","template":"","meta":{"footnotes":""},"class_list":["post-29","page","type-page","status-publish","hentry"],"_links":{"self":[{"href":"https:\/\/www.globalcenter.info\/wcetr\/index.php?rest_route=\/wp\/v2\/pages\/29"}],"collection":[{"href":"https:\/\/www.globalcenter.info\/wcetr\/index.php?rest_route=\/wp\/v2\/pages"}],"about":[{"href":"https:\/\/www.globalcenter.info\/wcetr\/index.php?rest_route=\/wp\/v2\/types\/page"}],"author":[{"embeddable":true,"href":"https:\/\/www.globalcenter.info\/wcetr\/index.php?rest_route=\/wp\/v2\/users\/2"}],"replies":[{"embeddable":true,"href":"https:\/\/www.globalcenter.info\/wcetr\/index.php?rest_route=%2Fwp%2Fv2%2Fcomments&post=29"}],"version-history":[{"count":66,"href":"https:\/\/www.globalcenter.info\/wcetr\/index.php?rest_route=\/wp\/v2\/pages\/29\/revisions"}],"predecessor-version":[{"id":1920,"href":"https:\/\/www.globalcenter.info\/wcetr\/index.php?rest_route=\/wp\/v2\/pages\/29\/revisions\/1920"}],"wp:attachment":[{"href":"https:\/\/www.globalcenter.info\/wcetr\/index.php?rest_route=%2Fwp%2Fv2%2Fmedia&parent=29"}],"curies":[{"name":"wp","href":"https:\/\/api.w.org\/{rel}","templated":true}]}}