{"id":49,"date":"2015-12-10T11:39:51","date_gmt":"2015-12-10T09:39:51","guid":{"rendered":"http:\/\/www.globalcenter.info\/wcetr\/?page_id=49"},"modified":"2022-04-22T16:34:53","modified_gmt":"2022-04-22T13:34:53","slug":"conference-place","status":"publish","type":"page","link":"https:\/\/www.globalcenter.info\/wcetr\/?page_id=49","title":{"rendered":"Conference Place"},"content":{"rendered":"<div class=\"mod\" lang=\"tr-TR\" data-attrid=\"kc:\/location\/location:address\" data-md=\"1002\" data-hveid=\"CBAQAQ\" data-ved=\"2ahUKEwjUu9rO7YTlAhVL4KYKHSx0DIYQkCkwEXoECBAQAQ\">\n<div>\n<p style=\"text-align: center;\"><strong>Grand Park Lara Hotel Convention Center<br \/>\nLara \u2013 Antalya, Turkey<\/strong><\/p>\n<h3 style=\"text-align: center;\"><strong>12 \u2013 14 <\/strong><strong>April <\/strong><strong>2022<\/strong><\/h3>\n<p><strong>Adress:\u00a0<\/strong> <span class=\"LrzXr\">Kemera\u011fz\u0131, Ya\u015far Sobutay Blv D:No: 339, 07119 Aksu\/Antalya<\/span><\/p>\n<\/div>\n<div class=\"Z1hOCe\"><iframe loading=\"lazy\" style=\"border: 0;\" tabindex=\"0\" src=\"https:\/\/www.google.com\/maps\/embed?pb=!1m18!1m12!1m3!1d1611194.4209086238!2d29.486960249330686!3d37.933605105036406!2m3!1f0!2f0!3f0!3m2!1i1024!2i768!4f13.1!3m3!1m2!1s0x14c39cad8a0526af%3A0x4caaa17759c43d01!2sGrand%20Park%20Lara!5e0!3m2!1str!2str!4v1587211195862!5m2!1str!2str\" width=\"600\" height=\"450\" frameborder=\"0\" allowfullscreen=\"allowfullscreen\" aria-hidden=\"false\"><\/iframe><\/div>\n<\/div>\n","protected":false},"excerpt":{"rendered":"<p>Grand Park Lara Hotel Convention Center Lara \u2013 Antalya, Turkey 12 \u2013 14 April 2022 Adress:\u00a0 Kemera\u011fz\u0131, Ya\u015far Sobutay Blv D:No: 339, 07119 Aksu\/Antalya<\/p>\n","protected":false},"author":2,"featured_media":0,"parent":0,"menu_order":0,"comment_status":"closed","ping_status":"closed","template":"","meta":{"footnotes":""},"class_list":["post-49","page","type-page","status-publish","hentry"],"_links":{"self":[{"href":"https:\/\/www.globalcenter.info\/wcetr\/index.php?rest_route=\/wp\/v2\/pages\/49"}],"collection":[{"href":"https:\/\/www.globalcenter.info\/wcetr\/index.php?rest_route=\/wp\/v2\/pages"}],"about":[{"href":"https:\/\/www.globalcenter.info\/wcetr\/index.php?rest_route=\/wp\/v2\/types\/page"}],"author":[{"embeddable":true,"href":"https:\/\/www.globalcenter.info\/wcetr\/index.php?rest_route=\/wp\/v2\/users\/2"}],"replies":[{"embeddable":true,"href":"https:\/\/www.globalcenter.info\/wcetr\/index.php?rest_route=%2Fwp%2Fv2%2Fcomments&post=49"}],"version-history":[{"count":17,"href":"https:\/\/www.globalcenter.info\/wcetr\/index.php?rest_route=\/wp\/v2\/pages\/49\/revisions"}],"predecessor-version":[{"id":1708,"href":"https:\/\/www.globalcenter.info\/wcetr\/index.php?rest_route=\/wp\/v2\/pages\/49\/revisions\/1708"}],"wp:attachment":[{"href":"https:\/\/www.globalcenter.info\/wcetr\/index.php?rest_route=%2Fwp%2Fv2%2Fmedia&parent=49"}],"curies":[{"name":"wp","href":"https:\/\/api.w.org\/{rel}","templated":true}]}}