{"id":6,"date":"2015-12-10T11:11:00","date_gmt":"2015-12-10T09:11:00","guid":{"rendered":"http:\/\/www.globalcenter.info\/wcetr\/?page_id=6"},"modified":"2024-02-22T10:19:47","modified_gmt":"2024-02-22T07:19:47","slug":"international-advisory-board","status":"publish","type":"page","link":"https:\/\/www.globalcenter.info\/wcetr\/?page_id=6","title":{"rendered":"International Advisory Board"},"content":{"rendered":"<p>Dilek Karahoca, MEF University, Turkey<br \/>\nAdem Karahoca, Bahcesehir University, Turkey<br \/>\nAhmet Mahiro\u011flu, Gazi University, Turkey<br \/>\nAkbar Salehi, Kharazmi University, Iran<br \/>\nAli Ekrem \u00d6zkul , Anadolu University, Turkey<br \/>\nAna Loureiro, Polytechnics Institute of Santarem, Portugal<br \/>\nAntonella Carbonaro, University of Bologna, Italy<br \/>\nArif Altun, Hacettepe University, Turkey<br \/>\nBego\u00f1a Montero, Universidad Polit\u00e9cnica de Valencia, Spain<br \/>\nBuket Akkoyunlu, \u00c7ankaya University, Turkey<br \/>\nCarmen P\u00e9rez-Sabater, Universitat Polit\u00e9cnica de Val\u00e8ncia, Spain<br \/>\nChee Ken Nee, Universiti Pendidikan Sultan Idris, Malaysia<br \/>\nChristine Harmes, James Madison University, USA<br \/>\nColin Latchem, Open Learning Consultant, Australia<br \/>\nEralp Altun, Ege University, Turkey<br \/>\nFatos Adiloglu, Bahcesehir University, Turkey<br \/>\nFerhan Odaba\u015f\u0131, Anadolu University, Turkey<br \/>\nHafize Keser, Ankara University, Turkey<br \/>\nHakan Ayd\u0131n, Anadolu University, Turkey<br \/>\nHalil \u0130brahim Yal\u0131n, Cyprus International University, Turkey<br \/>\nH\u00fcseyin Uzunboylu, Near East University, Cyprus<br \/>\nJanet Parker, Open University, UK<br \/>\nJean Underwood, Nottingham Trent University, UK<br \/>\nJongho Shin, Seoul National University, South Korea<br \/>\nKamisah Osman, University of Kebangsaan, Malaysia<br \/>\nKiyoshi Nakabayashi, Chiba Institute of Technology, Japan<br \/>\nLevent \u00c7etinkaya, \u00c7anakkale Onsekiz Mart University, Turkey<br \/>\nMansour Abdi, Arak University, Iran<br \/>\nMehmet Kesim, Anadolu University, Turkey<br \/>\nMichael Spector, University of Georgia, USA<br \/>\nMohammad H Yarmohammadian, Isfahan University of Medical Sciences, Iran<br \/>\nMurat Ataizi, Anadolu University, Turkey<br \/>\nMustafa Murat \u0130nceo\u011flu, Ege University, Turkey<br \/>\nPeter Goodyear, The University of Sydney, Australia<br \/>\nRauf Y\u0131ld\u0131z, Istanbul Kultur University, Turkey<br \/>\nRay Webster, Murdoch University, Australia<br \/>\nRozhan M. Idrus, University Sains Malaysia, Malaysia<br \/>\nSadi Sefero\u011flu, Hacettepe University, Turkey<br \/>\nSalih U\u015fun, Mu\u011fla University, Turkey<br \/>\nSarka Hoskova-Mayerova, University of Defence, Czech Republic<br \/>\nServet Bayram, Medipol University, Turkey<br \/>\nSonia Maria Suaez-Garaboa, University of A Coru\u00f1a, Spain<br \/>\nStephen W. Harmon, Georgia State University, USA<br \/>\nSteven M. Ross, John Hopkins University, USA<br \/>\nThirusellvan Vandeyar, University of Pretoria, South Africa<br \/>\nTom Baranowski, Baylor College of Medicine, USA<br \/>\nTse-Kian Neo, Multimedia University, Malaysia<br \/>\nYavuz Akp\u0131nar, Bogazici University, Turkey<br \/>\nYolanda Sealey-Ruiz, Columbia University, USA<br \/>\nYu-chu Yeh, National Chengchi University, Taiwan<br \/>\nYu-Mei Wang, University of Alabama at Birmingham, USA<br \/>\nZehra \u00d6z\u00e7\u0131nar, Ataturk Teacher Training Academy, North Cyprus<\/p>\n","protected":false},"excerpt":{"rendered":"<p>Dilek Karahoca, MEF University, Turkey Adem Karahoca, Bahcesehir University, Turkey Ahmet Mahiro\u011flu, Gazi University, Turkey Akbar Salehi, Kharazmi University, Iran Ali Ekrem \u00d6zkul , Anadolu University, Turkey Ana Loureiro, Polytechnics Institute of Santarem, Portugal Antonella Carbonaro, University of Bologna, Italy Arif Altun, Hacettepe University, Turkey Bego\u00f1a Montero, Universidad Polit\u00e9cnica de Valencia, Spain Buket Akkoyunlu, \u00c7ankaya [&hellip;]<\/p>\n","protected":false},"author":2,"featured_media":0,"parent":0,"menu_order":0,"comment_status":"closed","ping_status":"closed","template":"","meta":{"footnotes":""},"class_list":["post-6","page","type-page","status-publish","hentry"],"_links":{"self":[{"href":"https:\/\/www.globalcenter.info\/wcetr\/index.php?rest_route=\/wp\/v2\/pages\/6"}],"collection":[{"href":"https:\/\/www.globalcenter.info\/wcetr\/index.php?rest_route=\/wp\/v2\/pages"}],"about":[{"href":"https:\/\/www.globalcenter.info\/wcetr\/index.php?rest_route=\/wp\/v2\/types\/page"}],"author":[{"embeddable":true,"href":"https:\/\/www.globalcenter.info\/wcetr\/index.php?rest_route=\/wp\/v2\/users\/2"}],"replies":[{"embeddable":true,"href":"https:\/\/www.globalcenter.info\/wcetr\/index.php?rest_route=%2Fwp%2Fv2%2Fcomments&post=6"}],"version-history":[{"count":6,"href":"https:\/\/www.globalcenter.info\/wcetr\/index.php?rest_route=\/wp\/v2\/pages\/6\/revisions"}],"predecessor-version":[{"id":1946,"href":"https:\/\/www.globalcenter.info\/wcetr\/index.php?rest_route=\/wp\/v2\/pages\/6\/revisions\/1946"}],"wp:attachment":[{"href":"https:\/\/www.globalcenter.info\/wcetr\/index.php?rest_route=%2Fwp%2Fv2%2Fmedia&parent=6"}],"curies":[{"name":"wp","href":"https:\/\/api.w.org\/{rel}","templated":true}]}}